{"id":1499,"date":"2023-07-12T01:10:57","date_gmt":"2023-07-12T01:10:57","guid":{"rendered":"https:\/\/lincslab.ca\/?page_id=1499"},"modified":"2025-07-20T13:33:20","modified_gmt":"2025-07-20T17:33:20","slug":"infrastructure","status":"publish","type":"page","link":"https:\/\/lincslab.ca\/en\/infrastructure\/","title":{"rendered":"Infrastructure"},"content":{"rendered":"\t\t<div data-elementor-type=\"wp-page\" data-elementor-id=\"1499\" class=\"elementor elementor-1499\">\n\t\t\t\t\t\t<section class=\"elementor-section elementor-top-section elementor-element elementor-element-29f6xr1 elementor-section-boxed elementor-section-height-default elementor-section-height-default\" data-id=\"29f6xr1\" data-element_type=\"section\" data-e-type=\"section\" data-settings=\"{&quot;background_background&quot;:&quot;classic&quot;}\">\n\t\t\t\t\t\t\t<div class=\"elementor-background-overlay\"><\/div>\n\t\t\t\t\t\t\t<div class=\"elementor-container elementor-column-gap-default\">\n\t\t\t\t\t<div class=\"elementor-column elementor-col-100 elementor-top-column elementor-element elementor-element-90988fe\" data-id=\"90988fe\" data-element_type=\"column\" data-e-type=\"column\">\n\t\t\t<div class=\"elementor-widget-wrap elementor-element-populated\">\n\t\t\t\t\t\t<div class=\"elementor-element elementor-element-4a1c612 elementor-widget elementor-widget-heading\" data-id=\"4a1c612\" data-element_type=\"widget\" data-e-type=\"widget\" data-widget_type=\"heading.default\">\n\t\t\t\t<div class=\"elementor-widget-container\">\n\t\t\t\t\t<h1 class=\"elementor-heading-title elementor-size-xl\"><b>Infrastructure<\/b><\/h1>\t\t\t\t<\/div>\n\t\t\t\t<\/div>\n\t\t\t\t\t<\/div>\n\t\t<\/div>\n\t\t\t\t\t<\/div>\n\t\t<\/section>\n\t\t<div class=\"elementor-element elementor-element-bd8b454 e-con-full e-flex e-con e-parent\" data-id=\"bd8b454\" data-element_type=\"container\" data-e-type=\"container\">\n\t\t\t\t<div class=\"elementor-element elementor-element-5b39545 elementor-widget-divider--view-line elementor-widget elementor-widget-divider\" data-id=\"5b39545\" data-element_type=\"widget\" data-e-type=\"widget\" data-widget_type=\"divider.default\">\n\t\t\t\t<div class=\"elementor-widget-container\">\n\t\t\t\t\t\t\t<div class=\"elementor-divider\">\n\t\t\t<span class=\"elementor-divider-separator\">\n\t\t\t\t\t\t<\/span>\n\t\t<\/div>\n\t\t\t\t\t\t<\/div>\n\t\t\t\t<\/div>\n\t\t\t\t<\/div>\n\t\t<div class=\"elementor-element elementor-element-5760e63 e-flex e-con-boxed e-con e-parent\" data-id=\"5760e63\" data-element_type=\"container\" data-e-type=\"container\">\n\t\t\t\t\t<div class=\"e-con-inner\">\n\t\t<div class=\"elementor-element elementor-element-17c73c0 e-con-full e-flex e-con e-child\" data-id=\"17c73c0\" data-element_type=\"container\" data-e-type=\"container\">\n\t\t\t\t<div class=\"elementor-element elementor-element-1ebe124 elementor-widget elementor-widget-text-editor\" data-id=\"1ebe124\" data-element_type=\"widget\" data-e-type=\"widget\" data-widget_type=\"text-editor.default\">\n\t\t\t\t<div class=\"elementor-widget-container\">\n\t\t\t\t\t\t\t\t\t<p>Lincs Lab, a premier research facility at\u00a0<strong>\u00c9cole Polytechnique Montr\u00e9al<\/strong>, is equipped with state-of-the-art infrastructure that enables advanced cutting-edge research bridging communications networks and intelligent systems. Our work builds on disruptive technologies shaping the future of wireless communications, including:<\/p><ul><li style=\"list-style-type: none;\"><ul><li>Open RAN (Open Radio Access Network),<\/li><li>SDR (Software Defined Radio),<\/li><li>Virtualisation and containerisation, all pillars of 5G, 6G and beyond.<\/li><\/ul><\/li><\/ul><p>We also maintain a <strong data-start=\"557\" data-end=\"584\">large-scale IoT testbed<\/strong> with over <strong data-start=\"595\" data-end=\"620\">100 connected devices<\/strong>, providing a rich environment for experimentation and real-world validation.<\/p><p>Our platform is built on <strong data-start=\"724\" data-end=\"768\">commercial-off-the-shelf (COTS) hardware<\/strong> and <strong data-start=\"773\" data-end=\"797\">open-source software<\/strong>, offering a <strong data-start=\"810\" data-end=\"846\">flexible and scalable foundation<\/strong> for a wide range of research initiatives in:<\/p><ul><li style=\"list-style-type: none;\"><ul><li>Mobile edge networks,<\/li><li>Edge computing and distributed learning,<\/li><li>Applications such as:<ul><li>IoT (Internet of Things),<\/li><li>IIoT (Industrial IoT),<\/li><li>C-V2X (Cellular Vehicle-to-everything),<\/li><li>UAV (Unmanned Aerial Vehicle) systems.<\/li><\/ul><\/li><\/ul><\/li><\/ul><p>This versatile infrastructure empowers researchers to prototype, deploy, and evaluate innovative solutions that advance the intelligence and performance of next-generation networks.<\/p>\t\t\t\t\t\t\t\t<\/div>\n\t\t\t\t<\/div>\n\t\t\t\t<\/div>\n\t\t<div class=\"elementor-element elementor-element-65bb184 e-con-full e-flex e-con e-child\" data-id=\"65bb184\" data-element_type=\"container\" data-e-type=\"container\">\n\t\t<div class=\"elementor-element elementor-element-9532a7c e-con-full e-flex e-con e-child\" data-id=\"9532a7c\" data-element_type=\"container\" data-e-type=\"container\">\n\t\t\t\t<div class=\"elementor-element elementor-element-e86b72d elementor-widget elementor-widget-image\" data-id=\"e86b72d\" data-element_type=\"widget\" data-e-type=\"widget\" data-widget_type=\"image.default\">\n\t\t\t\t<div class=\"elementor-widget-container\">\n\t\t\t\t\t\t\t\t\t\t\t\t<figure class=\"wp-caption\">\n\t\t\t\t\t\t\t\t\t\t<img fetchpriority=\"high\" decoding=\"async\" width=\"768\" height=\"511\" src=\"https:\/\/lincslab.ca\/wp-content\/uploads\/2025\/07\/Polytechnique-768x511.jpg\" class=\"attachment-medium_large size-medium_large wp-image-4190\" alt=\"\" srcset=\"https:\/\/lincslab.ca\/wp-content\/uploads\/2025\/07\/Polytechnique-768x511.jpg 768w, https:\/\/lincslab.ca\/wp-content\/uploads\/2025\/07\/Polytechnique-300x200.jpg 300w, https:\/\/lincslab.ca\/wp-content\/uploads\/2025\/07\/Polytechnique-18x12.jpg 18w, https:\/\/lincslab.ca\/wp-content\/uploads\/2025\/07\/Polytechnique.jpg 800w\" sizes=\"(max-width: 768px) 100vw, 768px\" \/>\t\t\t\t\t\t\t\t\t\t\t<figcaption class=\"widget-image-caption wp-caption-text\">\u00c9cole Polytechnique Montr\u00e9al. (Photo Credit: Polytechnique Montr\u00e9al).<\/figcaption>\n\t\t\t\t\t\t\t\t\t\t<\/figure>\n\t\t\t\t\t\t\t\t\t<\/div>\n\t\t\t\t<\/div>\n\t\t\t\t<\/div>\n\t\t<div class=\"elementor-element elementor-element-9d64b2d e-con-full e-flex e-con e-child\" data-id=\"9d64b2d\" data-element_type=\"container\" data-e-type=\"container\">\n\t\t\t\t<\/div>\n\t\t\t\t<\/div>\n\t\t\t\t\t<\/div>\n\t\t\t\t<\/div>\n\t\t\t\t<\/div>\n\t\t","protected":false},"excerpt":{"rendered":"<p>Infrastructure Lincs Lab, a premier research facility at\u00a0\u00c9cole Polytechnique Montr\u00e9al, is equipped with state-of-the-art infrastructure that enables advanced cutting-edge research bridging communications networks and intelligent systems. Our work builds on disruptive technologies shaping the future of wireless communications, including: Open RAN (Open Radio Access Network), SDR (Software Defined Radio), Virtualisation and containerisation, all pillars of [&hellip;]<\/p>\n","protected":false},"author":15,"featured_media":0,"parent":0,"menu_order":0,"comment_status":"closed","ping_status":"closed","template":"","meta":{"site-sidebar-layout":"no-sidebar","site-content-layout":"page-builder","ast-site-content-layout":"full-width-container","site-content-style":"unboxed","site-sidebar-style":"unboxed","ast-global-header-display":"","ast-banner-title-visibility":"","ast-main-header-display":"","ast-hfb-above-header-display":"","ast-hfb-below-header-display":"","ast-hfb-mobile-header-display":"","site-post-title":"disabled","ast-breadcrumbs-content":"","ast-featured-img":"disabled","footer-sml-layout":"","ast-disable-related-posts":"","theme-transparent-header-meta":"","adv-header-id-meta":"","stick-header-meta":"","header-above-stick-meta":"","header-main-stick-meta":"","header-below-stick-meta":"","astra-migrate-meta-layouts":"set","ast-page-background-enabled":"default","ast-page-background-meta":{"desktop":{"background-color":"var(--ast-global-color-4)","background-image":"","background-repeat":"repeat","background-position":"center center","background-size":"auto","background-attachment":"scroll","background-type":"","background-media":"","overlay-type":"","overlay-color":"","overlay-opacity":"","overlay-gradient":""},"tablet":{"background-color":"","background-image":"","background-repeat":"repeat","background-position":"center center","background-size":"auto","background-attachment":"scroll","background-type":"","background-media":"","overlay-type":"","overlay-color":"","overlay-opacity":"","overlay-gradient":""},"mobile":{"background-color":"","background-image":"","background-repeat":"repeat","background-position":"center center","background-size":"auto","background-attachment":"scroll","background-type":"","background-media":"","overlay-type":"","overlay-color":"","overlay-opacity":"","overlay-gradient":""}},"ast-content-background-meta":{"desktop":{"background-color":"var(--ast-global-color-5)","background-image":"","background-repeat":"repeat","background-position":"center center","background-size":"auto","background-attachment":"scroll","background-type":"","background-media":"","overlay-type":"","overlay-color":"","overlay-opacity":"","overlay-gradient":""},"tablet":{"background-color":"var(--ast-global-color-5)","background-image":"","background-repeat":"repeat","background-position":"center center","background-size":"auto","background-attachment":"scroll","background-type":"","background-media":"","overlay-type":"","overlay-color":"","overlay-opacity":"","overlay-gradient":""},"mobile":{"background-color":"var(--ast-global-color-5)","background-image":"","background-repeat":"repeat","background-position":"center center","background-size":"auto","background-attachment":"scroll","background-type":"","background-media":"","overlay-type":"","overlay-color":"","overlay-opacity":"","overlay-gradient":""}},"footnotes":""},"class_list":["post-1499","page","type-page","status-publish","hentry"],"rttpg_featured_image_url":null,"rttpg_author":{"display_name":"Wissal Hamhoum","author_link":"https:\/\/lincslab.ca\/en\/author\/wissal-hamhoum\/"},"rttpg_comment":0,"rttpg_category":null,"rttpg_excerpt":"Infrastructure Lincs Lab, a premier research facility at\u00a0\u00c9cole Polytechnique Montr\u00e9al, is equipped with state-of-the-art infrastructure that enables advanced cutting-edge research bridging communications networks and intelligent systems. Our work builds on disruptive technologies shaping the future of wireless communications, including: Open RAN (Open Radio Access Network), SDR (Software Defined Radio), Virtualisation and containerisation, all pillars of&hellip;","_links":{"self":[{"href":"https:\/\/lincslab.ca\/en\/wp-json\/wp\/v2\/pages\/1499","targetHints":{"allow":["GET"]}}],"collection":[{"href":"https:\/\/lincslab.ca\/en\/wp-json\/wp\/v2\/pages"}],"about":[{"href":"https:\/\/lincslab.ca\/en\/wp-json\/wp\/v2\/types\/page"}],"author":[{"embeddable":true,"href":"https:\/\/lincslab.ca\/en\/wp-json\/wp\/v2\/users\/15"}],"replies":[{"embeddable":true,"href":"https:\/\/lincslab.ca\/en\/wp-json\/wp\/v2\/comments?post=1499"}],"version-history":[{"count":92,"href":"https:\/\/lincslab.ca\/en\/wp-json\/wp\/v2\/pages\/1499\/revisions"}],"predecessor-version":[{"id":4200,"href":"https:\/\/lincslab.ca\/en\/wp-json\/wp\/v2\/pages\/1499\/revisions\/4200"}],"wp:attachment":[{"href":"https:\/\/lincslab.ca\/en\/wp-json\/wp\/v2\/media?parent=1499"}],"curies":[{"name":"wp","href":"https:\/\/api.w.org\/{rel}","templated":true}]}}